{"id":27642,"date":"2024-03-05T14:39:42","date_gmt":"2024-03-05T12:39:42","guid":{"rendered":"https:\/\/rehistore.com\/terms-conditions\/"},"modified":"2025-06-06T10:11:25","modified_gmt":"2025-06-06T08:11:25","slug":"tingimused","status":"publish","type":"page","link":"https:\/\/rehistore.com\/et\/tingimused\/","title":{"rendered":"Tingimused"},"content":{"rendered":"\t\t<div data-elementor-type=\"wp-page\" data-elementor-id=\"27642\" class=\"elementor elementor-27642 elementor-25486\" data-elementor-post-type=\"page\">\n\t\t\t\t<div class=\"elementor-element elementor-element-19da870 e-flex e-con-boxed e-con e-parent\" data-id=\"19da870\" data-element_type=\"container\" data-e-type=\"container\" data-settings=\"{&quot;background_background&quot;:&quot;classic&quot;}\">\n\t\t\t\t\t<div class=\"e-con-inner\">\n\t\t\t\t<div class=\"elementor-element elementor-element-21b2f01 elementor-widget elementor-widget-heading\" data-id=\"21b2f01\" data-element_type=\"widget\" data-e-type=\"widget\" data-widget_type=\"heading.default\">\n\t\t\t\t<div class=\"elementor-widget-container\">\n\t\t\t\t\t<h2 class=\"elementor-heading-title elementor-size-default\">Tingimused<\/h2>\t\t\t\t<\/div>\n\t\t\t\t<\/div>\n\t\t\t\t\t<\/div>\n\t\t\t\t<\/div>\n\t\t<div class=\"elementor-element elementor-element-79825c5 e-flex e-con-boxed e-con e-parent\" data-id=\"79825c5\" data-element_type=\"container\" data-e-type=\"container\">\n\t\t\t\t\t<div class=\"e-con-inner\">\n\t\t\t\t<div class=\"elementor-element elementor-element-ff6c3be elementor-widget elementor-widget-text-editor\" data-id=\"ff6c3be\" data-element_type=\"widget\" data-e-type=\"widget\" data-widget_type=\"text-editor.default\">\n\t\t\t\t<div class=\"elementor-widget-container\">\n\t\t\t\t\t\t\t\t\t<p>Tere tulemast REHI poodi!<\/p><p>K\u00e4esolevad tingimused s\u00e4testavad Artuuria O\u00dc veebisaidi, mis asub aadressil https:\/\/rehistore.com\/, kasutamise reeglid.<\/p><p>Sellele veebisaidile juurdep\u00e4\u00e4suga eeldame, et n\u00f5ustute nende tingimustega. \u00c4rge j\u00e4tkake REHI poe kasutamist, kui te ei n\u00f5ustu k\u00f5igi sellel lehel esitatud tingimustega.<\/p><p>J\u00e4rgnev terminoloogia kehtib k\u00e4esolevate tingimuste, privaatsusavalduse ja lahti\u00fctluse ning k\u00f5igi lepingute kohta: \u201eKlient\u201c, \u201eTeie\u201c ja \u201eTeie\u201c viitavad teile, isikule, kes logib sisse sellele veebisaidile ja j\u00e4rgib ettev\u00f5tte tingimusi. \u201eEttev\u00f5te\u201c, \u201eIse\u201c, \u201eMeie\u201c ja \u201eMeid\u201c viitavad meie ettev\u00f5ttele. \u201ePool\u201c, \u201ePooled\u201c v\u00f5i \u201eMeid\u201c viitavad nii kliendile kui ka meile endile. K\u00f5ik terminid viitavad makse pakkumisele, vastuv\u00f5tmisele ja kaalumisele, mis on vajalik meie abiprotsessi l\u00e4biviimiseks kliendile k\u00f5ige sobivamal viisil, et rahuldada kliendi vajadusi ettev\u00f5tte nimetatud teenuste osutamisel, koosk\u00f5las EE kehtivate \u00f5igusaktidega. \u00dclaltoodud terminoloogia v\u00f5i muude s\u00f5nade kasutamine ainsuses, mitmuses, suurt\u00e4htedega ja\/v\u00f5i tema v\u00f5i nemad on omavahel asendatav ja seega viitab samale.<\/p><h3><strong>K\u00fcpsised<\/strong><\/h3><p>Me kasutame k\u00fcpsiseid. REHI poodi sisenedes n\u00f5ustute k\u00fcpsiste kasutamisega vastavalt Artuuria O\u00dc privaatsuspoliitikale.<\/p><p>Enamik interaktiivseid veebisaite kasutab k\u00fcpsiseid, et saaksime iga k\u00fclastuse kohta kasutaja andmeid hankida. Meie veebisait kasutab k\u00fcpsiseid teatud alade funktsionaalsuse tagamiseks, et muuta meie veebisaidi k\u00fclastamine lihtsamaks. M\u00f5ned meie sidusettev\u00f5tted\/reklaamipartnerid v\u00f5ivad samuti k\u00fcpsiseid kasutada.<\/p><h3><strong>Litsents<\/strong><\/h3><p>Kui ei ole teisiti m\u00e4rgitud, kuuluvad Artuuria O\u00dc-le ja\/v\u00f5i tema litsentsiandjatele k\u00f5ik REHI poes oleva materjali intellektuaalomandi \u00f5igused. K\u00f5ik intellektuaalomandi \u00f5igused on reserveeritud. Teil on \u00f5igus sellele REHI poest isiklikuks otstarbeks ligi p\u00e4\u00e4seda, j\u00e4rgides k\u00e4esolevates tingimustes s\u00e4testatud piiranguid.<\/p><p>Sa ei tohi:<\/p><ul><li>Avalda materjal uuesti REHI poest<\/li><li>M\u00fc\u00fca, rentida v\u00f5i alllitsentsida REHI poe materjali<\/li><li>Paljundada, dubleerida v\u00f5i kopeerida REHI poe materjali<br \/>Levitage REHI poe sisu edasi<\/li><\/ul><p>K\u00e4esolev leping j\u00f5ustub selle kuup\u00e4eval.<\/p><p>Selle veebisaidi osad pakuvad kasutajatele v\u00f5imalust postitada ja vahetada arvamusi ja teavet veebisaidi teatud aladel. Artuuria O\u00dc ei filtreeri, redigeeri, avalda ega vaata kommentaare enne nende veebisaidil ilmumist \u00fcle. Kommentaarid ei kajasta Artuuria O\u00dc, tema esindajate ja\/v\u00f5i sidusettev\u00f5tete seisukohti ja arvamusi. Kommentaarid kajastavad oma seisukohti ja arvamusi postitava isiku seisukohti ja arvamusi. Kohaldatavate seadustega lubatud ulatuses ei vastuta Artuuria O\u00dc kommentaaride ega kommentaaride sellel veebisaidil kasutamise ja\/v\u00f5i postitamise ja\/v\u00f5i ilmumise tagaj\u00e4rjel tekkinud ja\/v\u00f5i kantud kohustuste, kahjude v\u00f5i kulude eest.<\/p><p>Artuuria O\u00dc j\u00e4tab endale \u00f5iguse j\u00e4lgida k\u00f5iki kommentaare ja eemaldada k\u00f5ik kommentaarid, mida v\u00f5ib pidada sobimatuks, solvavaks v\u00f5i mis rikub k\u00e4esolevaid tingimusi.<\/p><p>Te kinnitate ja kinnitate, et:<\/p><p>Teil on \u00f5igus postitada kommentaare meie veebisaidile ning teil on selleks k\u00f5ik vajalikud litsentsid ja n\u00f5usolekud;<br \/>Kommentaarid ei riku \u00fchtegi intellektuaalomandi \u00f5igust, sealhulgas, kuid mitte ainult, kolmandate isikute autori\u00f5igusi, patente ega kaubam\u00e4rke;<br \/>Kommentaarid ei sisalda laimavat, halvustavat, solvavat, s\u00fcndsusetut ega muul viisil ebaseaduslikku materjali, mis rikub privaatsust.<br \/>Kommentaare ei kasutata \u00e4ri v\u00f5i klientide meelitamiseks ega reklaamimiseks ega \u00e4ritegevuse v\u00f5i ebaseadusliku tegevuse esitlemiseks.<br \/>K\u00e4esolevaga annate Artuuria O\u00dc-le mitte-eksklusiivse litsentsi oma Kommentaaride kasutamiseks, reprodutseerimiseks, muutmiseks ja teistele isikutele nende kasutamiseks, reprodutseerimiseks ja muutmiseks mis tahes vormis, vormingus v\u00f5i meediumis volitamiseks.<\/p><h3>H\u00fcperlingid meie sisule<\/h3><p>J\u00e4rgmised organisatsioonid v\u00f5ivad meie veebisaidile linkida ilma eelneva kirjaliku n\u00f5usolekuta:<\/p><p>Valitsusasutused;<br \/>Otsimootorid;<br \/>Uudisteorganisatsioonid;<br \/>Veebikataloogide levitajad v\u00f5ivad meie veebisaidile linkida samamoodi nagu nad linkivad teiste loetletud ettev\u00f5tete veebisaitidele; ja<br \/>S\u00fcsteemi\u00fcleselt akrediteeritud ettev\u00f5tted, v\u00e4lja arvatud mittetulundus\u00fchingud, heategevuslikud kaubanduskeskused ja heategevuslikud annetuste kogumise r\u00fchmad, mis ei pruugi meie veebisaidile linkida.<br \/>Need organisatsioonid v\u00f5ivad linkida meie kodulehele, v\u00e4ljaannetele v\u00f5i muule veebisaidi teabele, kui link: (a) ei ole mingil viisil petlik; (b) ei vihja ekslikult linkiva poole ja tema toodete ja\/v\u00f5i teenuste sponsorlusele, toetusele ega heakskiidule; ja (c) sobib linkiva poole saidi konteksti.<\/p><p>V\u00f5ime kaaluda ja heaks kiita ka teisi linkimistaotlusi j\u00e4rgmist t\u00fc\u00fcpi organisatsioonidelt:<\/p><p>\u00fcldtuntud tarbija- ja\/v\u00f5i \u00e4riteabe allikad;<br \/>dot.com kogukonna saidid;<br \/>heategevusorganisatsioone esindavad \u00fchendused v\u00f5i muud r\u00fchmad;<br \/>veebikataloogide levitajad;<br \/>internetiportaalid;<br \/>raamatupidamis-, \u00f5igus- ja konsultatsioonifirmad ning<br \/>haridusasutused ja kutse\u00fchingud.<br \/>Me kiidame nende organisatsioonide lingitaotlused heaks, kui otsustame, et: (a) link ei tekita meis endistest ega meie akrediteeritud ettev\u00f5tetest ebasoodsat muljet; (b) organisatsioonil ei ole meie juures negatiivseid andmeid; (c) h\u00fcperlingi n\u00e4htavusest meile tulenev kasu kompenseerib Artuuria O\u00dc puudumist; ja (d) link on \u00fcldise ressursiteabe kontekstis.<\/p><p>Need organisatsioonid v\u00f5ivad meie kodulehele linkida, kui link: (a) ei ole mingil viisil petlik; (b) ei vihja ekslikult linkiva poole ja tema toodete v\u00f5i teenuste sponsorlusele, toetusele ega heakskiidule; ja (c) sobib linkiva poole saidi konteksti.<\/p><p>Kui olete \u00fcks \u00fclaltoodud 2. l\u00f5igus loetletud organisatsioonidest ja olete huvitatud meie veebisaidile linkimisest, peate meid sellest teavitama, saates Artuuria O\u00dc-le e-kirja. Palun lisage oma nimi, organisatsiooni nimi, kontaktandmed ja oma saidi URL, loend URL-idest, millelt kavatsete meie veebisaidile linkida, ja loend URL-idest meie saidil, millele soovite linkida. Oodake vastust 2-3 n\u00e4dalat.<\/p><p>Heakskiidetud organisatsioonid v\u00f5ivad meie veebisaidile linkida j\u00e4rgmiselt:<\/p><p>Meie ettev\u00f5tte nime kasutamise teel; v\u00f5i<br \/>Kasutades lingitud \u00fchtset ressursilokaatorit v\u00f5i<br \/>Kasutades mis tahes muud meie veebisaidi kirjeldust, millele lingitakse, mis on lingiva poole saidi konteksti ja sisu vormingu seisukohast m\u00f5istlik.<br \/>Artuuria O\u00dc logo v\u00f5i muude kunstiteoste kasutamine linkimiseks ilma kaubam\u00e4rgi litsentsilepinguta ei ole lubatud.<\/p><h3>iFrame&#8217;id<\/h3><p>Ilma eelneva n\u00f5usoleku ja kirjaliku loata ei tohi te meie veebilehtede \u00fcmber luua raame, mis mingil moel muudavad meie veebisaidi visuaalset esitlust v\u00f5i v\u00e4limust.<\/p><h3>Sisu vastutus<\/h3><p>Me ei vastuta teie veebisaidil kuvatava sisu eest. Te n\u00f5ustute meid kaitsma k\u00f5igi teie veebisaidil tekkivate n\u00f5uete eest. Veebisaidil ei tohi olla linke, mida v\u00f5ib t\u00f5lgendada laimavana, ropuna v\u00f5i kuritegelikuna v\u00f5i mis rikub, muul viisil rikuvad v\u00f5i propageerivad kolmandate isikute \u00f5iguste rikkumist.<\/p><h3>\u00d5iguste reserveerimine<\/h3><p>J\u00e4tame endale \u00f5iguse n\u00f5uda k\u00f5igi v\u00f5i mis tahes konkreetse lingi eemaldamist meie veebisaidile. Te n\u00f5ustute viivitamatult eemaldama k\u00f5ik lingid meie veebisaidile n\u00f5udmisel. Samuti j\u00e4tame endale \u00f5iguse neid tingimusi ja linkimispoliitikat igal ajal muuta. Meie veebisaidile pidevalt linkides n\u00f5ustute neid linkimistingimusi siduma ja j\u00e4rgima.<\/p><h3>Linkide eemaldamine meie veebisaidilt<\/h3><p>Kui leiate meie veebisaidilt lingi, mis on mingil p\u00f5hjusel solvav, v\u00f5ite meiega igal ajal \u00fchendust v\u00f5tta ja sellest teada anda. Kaalume linkide eemaldamise taotlusi, kuid me ei ole kohustatud seda tegema ega teile otse vastama.<\/p><p>Me ei taga sellel veebisaidil oleva teabe \u00f5igsust, me ei garanteeri selle t\u00e4ielikkust ega t\u00e4psust; samuti ei luba me tagada veebisaidi k\u00e4ttesaadavust ega veebisaidil oleva materjali ajakohasust.<\/p><p>Lahti\u00fctlus<br \/>Kohaldatava \u00f5igusega lubatud maksimaalses ulatuses v\u00e4listame k\u00f5ik meie veebisaidi ja selle kasutamisega seotud v\u00e4ited, garantiid ja tingimused. Mitte miski selles lahti\u00fctluses ei:<\/p><p>piirata v\u00f5i v\u00e4listada meie v\u00f5i teie vastutus surma v\u00f5i kehavigastuse korral;<br \/>piirata v\u00f5i v\u00e4listada meie v\u00f5i teie vastutus pettuse v\u00f5i petturliku eksituse eest;<br \/>piirata meie v\u00f5i teie kohustusi viisil, mis ei ole kohaldatava \u00f5igusega lubatud; v\u00f5i<br \/>v\u00e4listada k\u00f5ik meie v\u00f5i teie kohustused, mida ei saa kohaldatava \u00f5iguse alusel v\u00e4listada.<br \/>K\u00e4esolevas jaotises ja mujal k\u00e4esolevas lahti\u00fctluses s\u00e4testatud vastutuse piirangud ja keelud: (a) kehtivad eelmises l\u00f5igus s\u00e4testatud korras; ja (b) reguleerivad k\u00f5iki lahti\u00fctlusest tulenevaid kohustusi, sealhulgas lepingust, deliktist ja seadusj\u00e4rgse kohustuse rikkumisest tulenevaid kohustusi.<\/p><p>Niikaua kui veebisait ja sellel olev teave ning teenused on tasuta, ei vastuta me \u00fchegi kahju eest.<\/p>\t\t\t\t\t\t\t\t<\/div>\n\t\t\t\t<\/div>\n\t\t\t\t\t<\/div>\n\t\t\t\t<\/div>\n\t\t\t\t<\/div>\n\t\t","protected":false},"excerpt":{"rendered":"<p>Tingimused Tere tulemast REHI poodi! K\u00e4esolevad tingimused s\u00e4testavad Artuuria O\u00dc veebisaidi, mis asub aadressil https:\/\/rehistore.com\/, kasutamise reeglid. Sellele veebisaidile juurdep\u00e4\u00e4suga eeldame, et n\u00f5ustute nende tingimustega. \u00c4rge j\u00e4tkake REHI poe kasutamist, kui te ei n\u00f5ustu k\u00f5igi sellel lehel esitatud tingimustega. J\u00e4rgnev terminoloogia kehtib k\u00e4esolevate tingimuste, privaatsusavalduse ja lahti\u00fctluse ning k\u00f5igi lepingute kohta: \u201eKlient\u201c, \u201eTeie\u201c ja \u201eTeie\u201c [&hellip;]<\/p>\n","protected":false},"author":1,"featured_media":0,"parent":0,"menu_order":0,"comment_status":"closed","ping_status":"closed","template":"elementor_header_footer","meta":{"footnotes":""},"class_list":["post-27642","page","type-page","status-publish","hentry"],"yoast_head":"<!-- This site is optimized with the Yoast SEO plugin v27.6 - https:\/\/yoast.com\/product\/yoast-seo-wordpress\/ -->\n<title>Tingimused - REHI<\/title>\n<meta name=\"robots\" content=\"index, follow, max-snippet:-1, max-image-preview:large, max-video-preview:-1\" \/>\n<link rel=\"canonical\" href=\"https:\/\/rehistore.com\/et\/tingimused\/\" \/>\n<meta property=\"og:locale\" content=\"et_EE\" \/>\n<meta property=\"og:type\" content=\"article\" \/>\n<meta property=\"og:title\" content=\"Tingimused - REHI\" \/>\n<meta property=\"og:description\" content=\"Tingimused Tere tulemast REHI poodi! K\u00e4esolevad tingimused s\u00e4testavad Artuuria O\u00dc veebisaidi, mis asub aadressil https:\/\/rehistore.com\/, kasutamise reeglid. Sellele veebisaidile juurdep\u00e4\u00e4suga eeldame, et n\u00f5ustute nende tingimustega. \u00c4rge j\u00e4tkake REHI poe kasutamist, kui te ei n\u00f5ustu k\u00f5igi sellel lehel esitatud tingimustega. J\u00e4rgnev terminoloogia kehtib k\u00e4esolevate tingimuste, privaatsusavalduse ja lahti\u00fctluse ning k\u00f5igi lepingute kohta: \u201eKlient\u201c, \u201eTeie\u201c ja \u201eTeie\u201c [&hellip;]\" \/>\n<meta property=\"og:url\" content=\"https:\/\/rehistore.com\/et\/tingimused\/\" \/>\n<meta property=\"og:site_name\" content=\"REHI\" \/>\n<meta property=\"article:modified_time\" content=\"2025-06-06T08:11:25+00:00\" \/>\n<meta name=\"twitter:card\" content=\"summary_large_image\" \/>\n<meta name=\"twitter:site\" content=\"@ArturRehi\" \/>\n<meta name=\"twitter:label1\" content=\"Est. reading time\" \/>\n\t<meta name=\"twitter:data1\" content=\"6 minutit\" \/>\n<script type=\"application\/ld+json\" class=\"yoast-schema-graph\">{\"@context\":\"https:\\\/\\\/schema.org\",\"@graph\":[{\"@type\":\"WebPage\",\"@id\":\"https:\\\/\\\/rehistore.com\\\/et\\\/tingimused\\\/\",\"url\":\"https:\\\/\\\/rehistore.com\\\/et\\\/tingimused\\\/\",\"name\":\"Tingimused - REHI\",\"isPartOf\":{\"@id\":\"https:\\\/\\\/rehistore.com\\\/et\\\/#website\"},\"datePublished\":\"2024-03-05T12:39:42+00:00\",\"dateModified\":\"2025-06-06T08:11:25+00:00\",\"breadcrumb\":{\"@id\":\"https:\\\/\\\/rehistore.com\\\/et\\\/tingimused\\\/#breadcrumb\"},\"inLanguage\":\"et\",\"potentialAction\":[{\"@type\":\"ReadAction\",\"target\":[\"https:\\\/\\\/rehistore.com\\\/et\\\/tingimused\\\/\"]}]},{\"@type\":\"BreadcrumbList\",\"@id\":\"https:\\\/\\\/rehistore.com\\\/et\\\/tingimused\\\/#breadcrumb\",\"itemListElement\":[{\"@type\":\"ListItem\",\"position\":1,\"name\":\"Home\",\"item\":\"https:\\\/\\\/rehistore.com\\\/et\\\/\"},{\"@type\":\"ListItem\",\"position\":2,\"name\":\"Tingimused\"}]},{\"@type\":\"WebSite\",\"@id\":\"https:\\\/\\\/rehistore.com\\\/et\\\/#website\",\"url\":\"https:\\\/\\\/rehistore.com\\\/et\\\/\",\"name\":\"REHI\",\"description\":\"\",\"publisher\":{\"@id\":\"https:\\\/\\\/rehistore.com\\\/et\\\/#organization\"},\"potentialAction\":[{\"@type\":\"SearchAction\",\"target\":{\"@type\":\"EntryPoint\",\"urlTemplate\":\"https:\\\/\\\/rehistore.com\\\/et\\\/?s={search_term_string}\"},\"query-input\":{\"@type\":\"PropertyValueSpecification\",\"valueRequired\":true,\"valueName\":\"search_term_string\"}}],\"inLanguage\":\"et\"},{\"@type\":\"Organization\",\"@id\":\"https:\\\/\\\/rehistore.com\\\/et\\\/#organization\",\"name\":\"REHI\",\"url\":\"https:\\\/\\\/rehistore.com\\\/et\\\/\",\"logo\":{\"@type\":\"ImageObject\",\"inLanguage\":\"et\",\"@id\":\"https:\\\/\\\/rehistore.com\\\/et\\\/#\\\/schema\\\/logo\\\/image\\\/\",\"url\":\"https:\\\/\\\/rehistore.com\\\/wp-content\\\/uploads\\\/2023\\\/08\\\/R-favicon-01.png\",\"contentUrl\":\"https:\\\/\\\/rehistore.com\\\/wp-content\\\/uploads\\\/2023\\\/08\\\/R-favicon-01.png\",\"width\":2560,\"height\":2560,\"caption\":\"REHI\"},\"image\":{\"@id\":\"https:\\\/\\\/rehistore.com\\\/et\\\/#\\\/schema\\\/logo\\\/image\\\/\"},\"sameAs\":[\"https:\\\/\\\/x.com\\\/ArturRehi\"]}]}<\/script>\n<!-- \/ Yoast SEO plugin. -->","yoast_head_json":{"title":"Tingimused - REHI","robots":{"index":"index","follow":"follow","max-snippet":"max-snippet:-1","max-image-preview":"max-image-preview:large","max-video-preview":"max-video-preview:-1"},"canonical":"https:\/\/rehistore.com\/et\/tingimused\/","og_locale":"et_EE","og_type":"article","og_title":"Tingimused - REHI","og_description":"Tingimused Tere tulemast REHI poodi! K\u00e4esolevad tingimused s\u00e4testavad Artuuria O\u00dc veebisaidi, mis asub aadressil https:\/\/rehistore.com\/, kasutamise reeglid. Sellele veebisaidile juurdep\u00e4\u00e4suga eeldame, et n\u00f5ustute nende tingimustega. \u00c4rge j\u00e4tkake REHI poe kasutamist, kui te ei n\u00f5ustu k\u00f5igi sellel lehel esitatud tingimustega. J\u00e4rgnev terminoloogia kehtib k\u00e4esolevate tingimuste, privaatsusavalduse ja lahti\u00fctluse ning k\u00f5igi lepingute kohta: \u201eKlient\u201c, \u201eTeie\u201c ja \u201eTeie\u201c [&hellip;]","og_url":"https:\/\/rehistore.com\/et\/tingimused\/","og_site_name":"REHI","article_modified_time":"2025-06-06T08:11:25+00:00","twitter_card":"summary_large_image","twitter_site":"@ArturRehi","twitter_misc":{"Est. reading time":"6 minutit"},"schema":{"@context":"https:\/\/schema.org","@graph":[{"@type":"WebPage","@id":"https:\/\/rehistore.com\/et\/tingimused\/","url":"https:\/\/rehistore.com\/et\/tingimused\/","name":"Tingimused - REHI","isPartOf":{"@id":"https:\/\/rehistore.com\/et\/#website"},"datePublished":"2024-03-05T12:39:42+00:00","dateModified":"2025-06-06T08:11:25+00:00","breadcrumb":{"@id":"https:\/\/rehistore.com\/et\/tingimused\/#breadcrumb"},"inLanguage":"et","potentialAction":[{"@type":"ReadAction","target":["https:\/\/rehistore.com\/et\/tingimused\/"]}]},{"@type":"BreadcrumbList","@id":"https:\/\/rehistore.com\/et\/tingimused\/#breadcrumb","itemListElement":[{"@type":"ListItem","position":1,"name":"Home","item":"https:\/\/rehistore.com\/et\/"},{"@type":"ListItem","position":2,"name":"Tingimused"}]},{"@type":"WebSite","@id":"https:\/\/rehistore.com\/et\/#website","url":"https:\/\/rehistore.com\/et\/","name":"REHI","description":"","publisher":{"@id":"https:\/\/rehistore.com\/et\/#organization"},"potentialAction":[{"@type":"SearchAction","target":{"@type":"EntryPoint","urlTemplate":"https:\/\/rehistore.com\/et\/?s={search_term_string}"},"query-input":{"@type":"PropertyValueSpecification","valueRequired":true,"valueName":"search_term_string"}}],"inLanguage":"et"},{"@type":"Organization","@id":"https:\/\/rehistore.com\/et\/#organization","name":"REHI","url":"https:\/\/rehistore.com\/et\/","logo":{"@type":"ImageObject","inLanguage":"et","@id":"https:\/\/rehistore.com\/et\/#\/schema\/logo\/image\/","url":"https:\/\/rehistore.com\/wp-content\/uploads\/2023\/08\/R-favicon-01.png","contentUrl":"https:\/\/rehistore.com\/wp-content\/uploads\/2023\/08\/R-favicon-01.png","width":2560,"height":2560,"caption":"REHI"},"image":{"@id":"https:\/\/rehistore.com\/et\/#\/schema\/logo\/image\/"},"sameAs":["https:\/\/x.com\/ArturRehi"]}]}},"_links":{"self":[{"href":"https:\/\/rehistore.com\/et\/wp-json\/wp\/v2\/pages\/27642","targetHints":{"allow":["GET"]}}],"collection":[{"href":"https:\/\/rehistore.com\/et\/wp-json\/wp\/v2\/pages"}],"about":[{"href":"https:\/\/rehistore.com\/et\/wp-json\/wp\/v2\/types\/page"}],"author":[{"embeddable":true,"href":"https:\/\/rehistore.com\/et\/wp-json\/wp\/v2\/users\/1"}],"replies":[{"embeddable":true,"href":"https:\/\/rehistore.com\/et\/wp-json\/wp\/v2\/comments?post=27642"}],"version-history":[{"count":4,"href":"https:\/\/rehistore.com\/et\/wp-json\/wp\/v2\/pages\/27642\/revisions"}],"predecessor-version":[{"id":27647,"href":"https:\/\/rehistore.com\/et\/wp-json\/wp\/v2\/pages\/27642\/revisions\/27647"}],"wp:attachment":[{"href":"https:\/\/rehistore.com\/et\/wp-json\/wp\/v2\/media?parent=27642"}],"curies":[{"name":"wp","href":"https:\/\/api.w.org\/{rel}","templated":true}]}}