{"id":27036,"date":"2023-08-11T12:45:33","date_gmt":"2023-08-11T10:45:33","guid":{"rendered":"https:\/\/rehistore.com\/ostukorv\/"},"modified":"2025-04-14T10:59:26","modified_gmt":"2025-04-14T08:59:26","slug":"ostukorv","status":"publish","type":"page","link":"https:\/\/rehistore.com\/et\/ostukorv\/","title":{"rendered":"Ostukorv"},"content":{"rendered":"\t\t<div data-elementor-type=\"wp-page\" data-elementor-id=\"27036\" class=\"elementor elementor-27036 elementor-79\" data-elementor-post-type=\"page\">\n\t\t\t\t<div class=\"elementor-element elementor-element-eb38cc6 e-flex e-con-boxed e-con e-parent\" data-id=\"eb38cc6\" data-element_type=\"container\" data-e-type=\"container\">\n\t\t\t\t\t<div class=\"e-con-inner\">\n\t\t<div class=\"elementor-element elementor-element-b572fb5 e-con-full e-flex e-con e-child\" data-id=\"b572fb5\" data-element_type=\"container\" data-e-type=\"container\">\n\t\t\t\t<div class=\"elementor-element elementor-element-caac352 elementor-widget elementor-widget-heading\" data-id=\"caac352\" data-element_type=\"widget\" data-e-type=\"widget\" data-widget_type=\"heading.default\">\n\t\t\t\t<div class=\"elementor-widget-container\">\n\t\t\t\t\t<h2 class=\"elementor-heading-title elementor-size-default\">OSTUKORV<\/h2>\t\t\t\t<\/div>\n\t\t\t\t<\/div>\n\t\t\t\t<div class=\"elementor-element elementor-element-90a604c elementor-widget elementor-widget-heading\" data-id=\"90a604c\" data-element_type=\"widget\" data-e-type=\"widget\" data-widget_type=\"heading.default\">\n\t\t\t\t<div class=\"elementor-widget-container\">\n\t\t\t\t\t<h2 class=\"elementor-heading-title elementor-size-default\">Kupongi koodi saab sisestada kassas<\/h2>\t\t\t\t<\/div>\n\t\t\t\t<\/div>\n\t\t\t\t<div class=\"elementor-element elementor-element-cbb89d2 taxes-and-total elementor-widget elementor-widget-shortcode\" data-id=\"cbb89d2\" data-element_type=\"widget\" data-e-type=\"widget\" data-widget_type=\"shortcode.default\">\n\t\t\t\t<div class=\"elementor-widget-container\">\n\t\t\t\t\t\t\t<div class=\"elementor-shortcode\"><div class=\"after-cart\"><p class=\"shipping-text\">Maksud on hinna sees ja tarne arvutatakse kassas<\/p><p class=\"total-text\">Kokku<\/p><\/div><\/div>\n\t\t\t\t\t\t<\/div>\n\t\t\t\t<\/div>\n\t\t<div class=\"elementor-element elementor-element-40ff07e e-flex e-con-boxed e-con e-child\" data-id=\"40ff07e\" data-element_type=\"container\" data-e-type=\"container\">\n\t\t\t\t\t<div class=\"e-con-inner\">\n\t\t<div class=\"elementor-element elementor-element-2ce44bb e-flex e-con-boxed e-con e-child\" data-id=\"2ce44bb\" data-element_type=\"container\" data-e-type=\"container\">\n\t\t\t\t\t<div class=\"e-con-inner\">\n\t\t\t\t<div class=\"elementor-element elementor-element-ec86602 elementor-icon-list--layout-traditional elementor-list-item-link-full_width elementor-widget elementor-widget-icon-list\" data-id=\"ec86602\" data-element_type=\"widget\" data-e-type=\"widget\" data-widget_type=\"icon-list.default\">\n\t\t\t\t<div class=\"elementor-widget-container\">\n\t\t\t\t\t\t\t<ul class=\"elementor-icon-list-items\">\n\t\t\t\t\t\t\t<li class=\"elementor-icon-list-item\">\n\t\t\t\t\t\t\t\t\t\t\t<a href=\"\/pood\">\n\n\t\t\t\t\t\t\t\t\t\t\t\t<span class=\"elementor-icon-list-icon\">\n\t\t\t\t\t\t\t<svg xmlns=\"http:\/\/www.w3.org\/2000\/svg\" width=\"10\" height=\"11\" viewBox=\"0 0 10 11\" fill=\"none\"><path d=\"M1.81198e-05 8.70005L1.3831 8.70909L1.38309 2.97791L8.8047 10.3995L9.79907 9.40515L2.37746 1.98354L8.0996 1.99258V0.600464L1.81198e-05 0.600464V8.70005Z\" fill=\"black\"><\/path><\/svg>\t\t\t\t\t\t<\/span>\n\t\t\t\t\t\t\t\t\t\t<span class=\"elementor-icon-list-text\">J\u00e4tka ostlemist<\/span>\n\t\t\t\t\t\t\t\t\t\t\t<\/a>\n\t\t\t\t\t\t\t\t\t<\/li>\n\t\t\t\t\t\t<\/ul>\n\t\t\t\t\t\t<\/div>\n\t\t\t\t<\/div>\n\t\t\t\t\t<\/div>\n\t\t\t\t<\/div>\n\t\t<div class=\"elementor-element elementor-element-bc7ea31 e-flex e-con-boxed e-con e-child\" data-id=\"bc7ea31\" data-element_type=\"container\" data-e-type=\"container\">\n\t\t\t\t\t<div class=\"e-con-inner\">\n\t\t\t\t<div class=\"elementor-element elementor-element-7fa3f19 cart-checkout-btn arrow arrow-up smaller-arrow elementor-align-justify elementor-widget elementor-widget-button\" data-id=\"7fa3f19\" data-element_type=\"widget\" data-e-type=\"widget\" data-widget_type=\"button.default\">\n\t\t\t\t<div class=\"elementor-widget-container\">\n\t\t\t\t\t\t\t\t\t<div class=\"elementor-button-wrapper\">\n\t\t\t\t\t<a class=\"elementor-button elementor-button-link elementor-size-sm\" href=\"https:\/\/rehistore.com\/et\/kassa\/\">\n\t\t\t\t\t\t<span class=\"elementor-button-content-wrapper\">\n\t\t\t\t\t\t<span class=\"elementor-button-icon\">\n\t\t\t\t<svg xmlns=\"http:\/\/www.w3.org\/2000\/svg\" width=\"21\" height=\"31\" viewBox=\"0 0 21 31\" fill=\"none\"><path d=\"M20.3574 7.46703L17.1853 7.42824L17.2589 18.5034L3.2561 4.50058L0.967773 6.78891L14.9706 20.7917L3.90423 20.7093L3.93422 23.8902L20.4672 24L20.3574 7.46703Z\" fill=\"white\"><\/path><\/svg>\t\t\t<\/span>\n\t\t\t\t\t\t\t\t\t<span class=\"elementor-button-text\">KASSA<\/span>\n\t\t\t\t\t<\/span>\n\t\t\t\t\t<\/a>\n\t\t\t\t<\/div>\n\t\t\t\t\t\t\t\t<\/div>\n\t\t\t\t<\/div>\n\t\t\t\t\t<\/div>\n\t\t\t\t<\/div>\n\t\t\t\t\t<\/div>\n\t\t\t\t<\/div>\n\t\t\t\t<\/div>\n\t\t\t\t\t<\/div>\n\t\t\t\t<\/div>\n\t\t\t\t<\/div>\n\t\t","protected":false},"excerpt":{"rendered":"<p>OSTUKORV Remove item Thumbnail image Product Price Quantity Subtotal \u00d7 Ukrainian Fire drone HoodieColor: BlackSize: MPrice: &#036;50.00 &#36;50.00 Quantity &#8211;+ Price &#36;100.00 \u00d7 REHI T-ShirtColor: Dark HeatherSize: LPrice: &#036;30.00 &#36;30.00 Quantity &#8211;+ Price &#36;30.00 \u00d7 Ukrainian Fire drone T-shirtColor: BlackSize: SPrice: &#036;25.00 &#36;25.00 Quantity &#8211;+ Price &#36;25.00 \u00d7 REHI T-ShirtColor: BlackSize: SPrice: &#036;30.00 &#36;30.00 Quantity [&hellip;]<\/p>\n","protected":false},"author":1,"featured_media":0,"parent":0,"menu_order":0,"comment_status":"closed","ping_status":"closed","template":"elementor_header_footer","meta":{"footnotes":""},"class_list":["post-27036","page","type-page","status-publish","hentry"],"yoast_head":"<!-- This site is optimized with the Yoast SEO plugin v27.4 - https:\/\/yoast.com\/product\/yoast-seo-wordpress\/ -->\n<title>Ostukorv - REHI<\/title>\n<meta name=\"robots\" content=\"index, follow, max-snippet:-1, max-image-preview:large, max-video-preview:-1\" \/>\n<link rel=\"canonical\" href=\"https:\/\/rehistore.com\/et\/ostukorv\/\" \/>\n<meta property=\"og:locale\" content=\"et_EE\" \/>\n<meta property=\"og:type\" content=\"article\" \/>\n<meta property=\"og:title\" content=\"Ostukorv - REHI\" \/>\n<meta property=\"og:description\" content=\"OSTUKORV Remove item Thumbnail image Product Price Quantity Subtotal \u00d7 Ukrainian Fire drone HoodieColor: BlackSize: MPrice: &#036;50.00 &#036;50.00 Quantity &#8211;+ Price &#036;100.00 \u00d7 REHI T-ShirtColor: Dark HeatherSize: LPrice: &#036;30.00 &#036;30.00 Quantity &#8211;+ Price &#036;30.00 \u00d7 Ukrainian Fire drone T-shirtColor: BlackSize: SPrice: &#036;25.00 &#036;25.00 Quantity &#8211;+ Price &#036;25.00 \u00d7 REHI T-ShirtColor: BlackSize: SPrice: &#036;30.00 &#036;30.00 Quantity [&hellip;]\" \/>\n<meta property=\"og:url\" content=\"https:\/\/rehistore.com\/et\/ostukorv\/\" \/>\n<meta property=\"og:site_name\" content=\"REHI\" \/>\n<meta property=\"article:modified_time\" content=\"2025-04-14T08:59:26+00:00\" \/>\n<meta property=\"og:image\" content=\"https:\/\/rehistore.com\/wp-content\/uploads\/2024\/09\/Fire-drone-hoodie-black-1000x1000.jpg\" \/>\n<meta name=\"twitter:card\" content=\"summary_large_image\" \/>\n<meta name=\"twitter:site\" content=\"@ArturRehi\" \/>\n<meta name=\"twitter:label1\" content=\"Est. reading time\" \/>\n\t<meta name=\"twitter:data1\" content=\"3 minutit\" \/>\n<script type=\"application\/ld+json\" class=\"yoast-schema-graph\">{\"@context\":\"https:\\\/\\\/schema.org\",\"@graph\":[{\"@type\":\"WebPage\",\"@id\":\"https:\\\/\\\/rehistore.com\\\/et\\\/ostukorv\\\/\",\"url\":\"https:\\\/\\\/rehistore.com\\\/et\\\/ostukorv\\\/\",\"name\":\"Ostukorv - REHI\",\"isPartOf\":{\"@id\":\"https:\\\/\\\/rehistore.com\\\/et\\\/#website\"},\"primaryImageOfPage\":{\"@id\":\"https:\\\/\\\/rehistore.com\\\/et\\\/ostukorv\\\/#primaryimage\"},\"image\":{\"@id\":\"https:\\\/\\\/rehistore.com\\\/et\\\/ostukorv\\\/#primaryimage\"},\"thumbnailUrl\":\"https:\\\/\\\/rehistore.com\\\/wp-content\\\/uploads\\\/2024\\\/09\\\/Fire-drone-hoodie-black-1000x1000.jpg\",\"datePublished\":\"2023-08-11T10:45:33+00:00\",\"dateModified\":\"2025-04-14T08:59:26+00:00\",\"breadcrumb\":{\"@id\":\"https:\\\/\\\/rehistore.com\\\/et\\\/ostukorv\\\/#breadcrumb\"},\"inLanguage\":\"et\",\"potentialAction\":[{\"@type\":\"ReadAction\",\"target\":[\"https:\\\/\\\/rehistore.com\\\/et\\\/ostukorv\\\/\"]}]},{\"@type\":\"ImageObject\",\"inLanguage\":\"et\",\"@id\":\"https:\\\/\\\/rehistore.com\\\/et\\\/ostukorv\\\/#primaryimage\",\"url\":\"https:\\\/\\\/rehistore.com\\\/wp-content\\\/uploads\\\/2024\\\/09\\\/Fire-drone-hoodie-black-1000x1000.jpg\",\"contentUrl\":\"https:\\\/\\\/rehistore.com\\\/wp-content\\\/uploads\\\/2024\\\/09\\\/Fire-drone-hoodie-black-1000x1000.jpg\"},{\"@type\":\"BreadcrumbList\",\"@id\":\"https:\\\/\\\/rehistore.com\\\/et\\\/ostukorv\\\/#breadcrumb\",\"itemListElement\":[{\"@type\":\"ListItem\",\"position\":1,\"name\":\"Home\",\"item\":\"https:\\\/\\\/rehistore.com\\\/et\\\/\"},{\"@type\":\"ListItem\",\"position\":2,\"name\":\"Ostukorv\"}]},{\"@type\":\"WebSite\",\"@id\":\"https:\\\/\\\/rehistore.com\\\/et\\\/#website\",\"url\":\"https:\\\/\\\/rehistore.com\\\/et\\\/\",\"name\":\"REHI\",\"description\":\"\",\"publisher\":{\"@id\":\"https:\\\/\\\/rehistore.com\\\/et\\\/#organization\"},\"potentialAction\":[{\"@type\":\"SearchAction\",\"target\":{\"@type\":\"EntryPoint\",\"urlTemplate\":\"https:\\\/\\\/rehistore.com\\\/et\\\/?s={search_term_string}\"},\"query-input\":{\"@type\":\"PropertyValueSpecification\",\"valueRequired\":true,\"valueName\":\"search_term_string\"}}],\"inLanguage\":\"et\"},{\"@type\":\"Organization\",\"@id\":\"https:\\\/\\\/rehistore.com\\\/et\\\/#organization\",\"name\":\"REHI\",\"url\":\"https:\\\/\\\/rehistore.com\\\/et\\\/\",\"logo\":{\"@type\":\"ImageObject\",\"inLanguage\":\"et\",\"@id\":\"https:\\\/\\\/rehistore.com\\\/et\\\/#\\\/schema\\\/logo\\\/image\\\/\",\"url\":\"https:\\\/\\\/rehistore.com\\\/wp-content\\\/uploads\\\/2023\\\/08\\\/R-favicon-01.png\",\"contentUrl\":\"https:\\\/\\\/rehistore.com\\\/wp-content\\\/uploads\\\/2023\\\/08\\\/R-favicon-01.png\",\"width\":2560,\"height\":2560,\"caption\":\"REHI\"},\"image\":{\"@id\":\"https:\\\/\\\/rehistore.com\\\/et\\\/#\\\/schema\\\/logo\\\/image\\\/\"},\"sameAs\":[\"https:\\\/\\\/x.com\\\/ArturRehi\"]}]}<\/script>\n<!-- \/ Yoast SEO plugin. -->","yoast_head_json":{"title":"Ostukorv - REHI","robots":{"index":"index","follow":"follow","max-snippet":"max-snippet:-1","max-image-preview":"max-image-preview:large","max-video-preview":"max-video-preview:-1"},"canonical":"https:\/\/rehistore.com\/et\/ostukorv\/","og_locale":"et_EE","og_type":"article","og_title":"Ostukorv - REHI","og_description":"OSTUKORV Remove item Thumbnail image Product Price Quantity Subtotal \u00d7 Ukrainian Fire drone HoodieColor: BlackSize: MPrice: &#036;50.00 &#36;50.00 Quantity &#8211;+ Price &#36;100.00 \u00d7 REHI T-ShirtColor: Dark HeatherSize: LPrice: &#036;30.00 &#36;30.00 Quantity &#8211;+ Price &#36;30.00 \u00d7 Ukrainian Fire drone T-shirtColor: BlackSize: SPrice: &#036;25.00 &#36;25.00 Quantity &#8211;+ Price &#36;25.00 \u00d7 REHI T-ShirtColor: BlackSize: SPrice: &#036;30.00 &#36;30.00 Quantity [&hellip;]","og_url":"https:\/\/rehistore.com\/et\/ostukorv\/","og_site_name":"REHI","article_modified_time":"2025-04-14T08:59:26+00:00","og_image":[{"url":"https:\/\/rehistore.com\/wp-content\/uploads\/2024\/09\/Fire-drone-hoodie-black-1000x1000.jpg","type":"","width":"","height":""}],"twitter_card":"summary_large_image","twitter_site":"@ArturRehi","twitter_misc":{"Est. reading time":"3 minutit"},"schema":{"@context":"https:\/\/schema.org","@graph":[{"@type":"WebPage","@id":"https:\/\/rehistore.com\/et\/ostukorv\/","url":"https:\/\/rehistore.com\/et\/ostukorv\/","name":"Ostukorv - REHI","isPartOf":{"@id":"https:\/\/rehistore.com\/et\/#website"},"primaryImageOfPage":{"@id":"https:\/\/rehistore.com\/et\/ostukorv\/#primaryimage"},"image":{"@id":"https:\/\/rehistore.com\/et\/ostukorv\/#primaryimage"},"thumbnailUrl":"https:\/\/rehistore.com\/wp-content\/uploads\/2024\/09\/Fire-drone-hoodie-black-1000x1000.jpg","datePublished":"2023-08-11T10:45:33+00:00","dateModified":"2025-04-14T08:59:26+00:00","breadcrumb":{"@id":"https:\/\/rehistore.com\/et\/ostukorv\/#breadcrumb"},"inLanguage":"et","potentialAction":[{"@type":"ReadAction","target":["https:\/\/rehistore.com\/et\/ostukorv\/"]}]},{"@type":"ImageObject","inLanguage":"et","@id":"https:\/\/rehistore.com\/et\/ostukorv\/#primaryimage","url":"https:\/\/rehistore.com\/wp-content\/uploads\/2024\/09\/Fire-drone-hoodie-black-1000x1000.jpg","contentUrl":"https:\/\/rehistore.com\/wp-content\/uploads\/2024\/09\/Fire-drone-hoodie-black-1000x1000.jpg"},{"@type":"BreadcrumbList","@id":"https:\/\/rehistore.com\/et\/ostukorv\/#breadcrumb","itemListElement":[{"@type":"ListItem","position":1,"name":"Home","item":"https:\/\/rehistore.com\/et\/"},{"@type":"ListItem","position":2,"name":"Ostukorv"}]},{"@type":"WebSite","@id":"https:\/\/rehistore.com\/et\/#website","url":"https:\/\/rehistore.com\/et\/","name":"REHI","description":"","publisher":{"@id":"https:\/\/rehistore.com\/et\/#organization"},"potentialAction":[{"@type":"SearchAction","target":{"@type":"EntryPoint","urlTemplate":"https:\/\/rehistore.com\/et\/?s={search_term_string}"},"query-input":{"@type":"PropertyValueSpecification","valueRequired":true,"valueName":"search_term_string"}}],"inLanguage":"et"},{"@type":"Organization","@id":"https:\/\/rehistore.com\/et\/#organization","name":"REHI","url":"https:\/\/rehistore.com\/et\/","logo":{"@type":"ImageObject","inLanguage":"et","@id":"https:\/\/rehistore.com\/et\/#\/schema\/logo\/image\/","url":"https:\/\/rehistore.com\/wp-content\/uploads\/2023\/08\/R-favicon-01.png","contentUrl":"https:\/\/rehistore.com\/wp-content\/uploads\/2023\/08\/R-favicon-01.png","width":2560,"height":2560,"caption":"REHI"},"image":{"@id":"https:\/\/rehistore.com\/et\/#\/schema\/logo\/image\/"},"sameAs":["https:\/\/x.com\/ArturRehi"]}]}},"_links":{"self":[{"href":"https:\/\/rehistore.com\/et\/wp-json\/wp\/v2\/pages\/27036","targetHints":{"allow":["GET"]}}],"collection":[{"href":"https:\/\/rehistore.com\/et\/wp-json\/wp\/v2\/pages"}],"about":[{"href":"https:\/\/rehistore.com\/et\/wp-json\/wp\/v2\/types\/page"}],"author":[{"embeddable":true,"href":"https:\/\/rehistore.com\/et\/wp-json\/wp\/v2\/users\/1"}],"replies":[{"embeddable":true,"href":"https:\/\/rehistore.com\/et\/wp-json\/wp\/v2\/comments?post=27036"}],"version-history":[{"count":4,"href":"https:\/\/rehistore.com\/et\/wp-json\/wp\/v2\/pages\/27036\/revisions"}],"predecessor-version":[{"id":27040,"href":"https:\/\/rehistore.com\/et\/wp-json\/wp\/v2\/pages\/27036\/revisions\/27040"}],"wp:attachment":[{"href":"https:\/\/rehistore.com\/et\/wp-json\/wp\/v2\/media?parent=27036"}],"curies":[{"name":"wp","href":"https:\/\/api.w.org\/{rel}","templated":true}]}}